{"id":141,"date":"2023-03-30T21:13:13","date_gmt":"2023-03-30T19:13:13","guid":{"rendered":"https:\/\/aquasonic-savoie.com\/?page_id=141"},"modified":"2023-05-15T11:27:59","modified_gmt":"2023-05-15T09:27:59","slug":"industriel","status":"publish","type":"page","link":"https:\/\/aquasonic-savoie.com\/index.php\/industriel\/","title":{"rendered":"Industriel"},"content":{"rendered":"\n<h2 class=\"wp-block-heading has-palette-color-1-color has-text-color\">Protection anticalcaire dans le secteur Industriel<\/h2>\n\n\n\n<p class=\"has-palette-color-5-color has-text-color\">AQUASONIC offre une protection, des \u00e9conomies et une r\u00e9duction de la duret\u00e9 de l&rsquo;eau dans un large \u00e9ventail de secteurs industriels, tels que les entreprises agroalimentaires, le textile et les tanneries, les centrales hydro\u00e9lectriques, les papeteries, etc.<\/p>\n\n\n\n<h2 class=\"wp-block-heading\"><strong><sub><mark style=\"background-color:rgba(0, 0, 0, 0)\" class=\"has-inline-color has-palette-color-1-color\">B\u00e9n\u00e9fices d&rsquo;AQUASONIC dans certains \u00e9quipements sp\u00e9cifiques pr\u00e9sents dans tous types d&rsquo;industries :<\/mark><\/sub><\/strong><\/h2>\n\n\n\n<p class=\"has-palette-color-5-color has-text-color\">\u2013 \u00c9changeurs de chaleur, tours de refroidissement et condenseurs \u00e9vaporatifs, fours et chaudi\u00e8res \u00e0 vapeur, humidificateurs, etc. : Ces \u00e9quipements conservent leur efficacit\u00e9 de conception maximale avec AQUASONIC, en ne permettant pas l&rsquo;accumulation de chaux dans les conduits et les tuyaux, sans avoir besoin de produits chimiques pour l&rsquo;\u00e9limination des incrustations calcaires. De plus, notre syst\u00e8me aide \u00e0 \u00e9liminer et \u00e0 pr\u00e9venir la prolif\u00e9ration des algues et des bact\u00e9ries et \u00e0 \u00e9liminer le tartre.<\/p>\n\n\n\n<p class=\"has-palette-color-5-color has-text-color\">\u2013 Compresseurs et condenseurs : Notre syst\u00e8me AQUASONIC leur permet d&rsquo;obtenir des performances \u00e9nerg\u00e9tiques maximales.<\/p>\n\n\n\n<p class=\"has-palette-color-5-color has-text-color\">\u2013 Membranes d&rsquo;osmose inverse : Nous garantissons un temps d&rsquo;utilisation plus long pour celles-ci, en emp\u00eachant AQUASONIC de se colmater et de durcir \u00e0 cause des incrustations caus\u00e9es par la chaux.<\/p>\n\n\n\n<p class=\"has-palette-color-5-color has-text-color\">\u2013 Machines \u00e0 laver industrielles : AQUASONIC permet de r\u00e9duire l&rsquo;utilisation de d\u00e9tergents et de maintenir la blancheur et la douceur des tissus.<\/p>\n\n\n\n<figure class=\"wp-block-video\"><video src=\"https:\/\/aquasonic-savoie.com\/wp-content\/uploads\/2023\/03\/Studio_Project10.mp4\"><\/video><\/figure>\n","protected":false},"excerpt":{"rendered":"<p>Protection anticalcaire dans le secteur Industriel AQUASONIC offre une protection, des \u00e9conomies et une r\u00e9duction de la duret\u00e9 de l&rsquo;eau dans un large \u00e9ventail de secteurs industriels, tels que les entreprises agroalimentaires, le textile et les tanneries, les centrales hydro\u00e9lectriques, les papeteries, etc. B\u00e9n\u00e9fices d&rsquo;AQUASONIC dans certains \u00e9quipements sp\u00e9cifiques pr\u00e9sents dans tous types d&rsquo;industries : [&hellip;]<\/p>\n","protected":false},"author":2,"featured_media":0,"parent":0,"menu_order":0,"comment_status":"closed","ping_status":"closed","template":"","meta":{"footnotes":""},"blocksy_meta":{"background":{"desktop":{"background_type":"image","background_pattern":"type-1","background_image":{"attachment_id":331,"x":0,"y":0,"url":"http:\/\/aquasonic-savoie.com\/wp-content\/uploads\/2023\/05\/garphisme-aquasonicsavoie-noir-1024x768.png"},"gradient":"linear-gradient(135deg,rgba(6,147,227,1) 0%,rgb(155,81,224) 100%)","background_repeat":"repeat","background_size":"auto","background_attachment":"scroll","patternColor":{"default":{"color":"#e5e7ea"}},"overlayColor":{"default":{"color":"CT_CSS_SKIP_RULE"}},"backgroundColor":{"default":{"color":"#ffffff"}}},"tablet":{"background_type":"image","background_pattern":"type-1","background_image":{"attachment_id":331,"x":0,"y":0,"url":"http:\/\/aquasonic-savoie.com\/wp-content\/uploads\/2023\/05\/garphisme-aquasonicsavoie-noir-1024x768.png"},"gradient":"linear-gradient(135deg,rgba(6,147,227,1) 0%,rgb(155,81,224) 100%)","background_repeat":"repeat","background_size":"auto","background_attachment":"scroll","patternColor":{"default":{"color":"#e5e7ea"}},"overlayColor":{"default":{"color":"CT_CSS_SKIP_RULE"}},"backgroundColor":{"default":{"color":"#ffffff"}}},"mobile":{"background_type":"image","background_pattern":"type-1","background_image":{"attachment_id":331,"x":0,"y":0,"url":"http:\/\/aquasonic-savoie.com\/wp-content\/uploads\/2023\/05\/garphisme-aquasonicsavoie-noir-1024x768.png"},"gradient":"linear-gradient(135deg,rgba(6,147,227,1) 0%,rgb(155,81,224) 100%)","background_repeat":"repeat","background_size":"auto","background_attachment":"scroll","patternColor":{"default":{"color":"#e5e7ea"}},"overlayColor":{"default":{"color":"CT_CSS_SKIP_RULE"}},"backgroundColor":{"default":{"color":"#ffffff"}}},"__changed":[]},"styles_descriptor":{"styles":{"desktop":"[data-prefix=\"single_page\"] {background-position:0% 0%;background-color:#ffffff;background-image:url(https:\/\/aquasonic-savoie.com\/wp-content\/uploads\/2023\/05\/garphisme-aquasonicsavoie-noir.png);}","tablet":"","mobile":""},"google_fonts":[],"version":5}},"_links":{"self":[{"href":"https:\/\/aquasonic-savoie.com\/index.php\/wp-json\/wp\/v2\/pages\/141"}],"collection":[{"href":"https:\/\/aquasonic-savoie.com\/index.php\/wp-json\/wp\/v2\/pages"}],"about":[{"href":"https:\/\/aquasonic-savoie.com\/index.php\/wp-json\/wp\/v2\/types\/page"}],"author":[{"embeddable":true,"href":"https:\/\/aquasonic-savoie.com\/index.php\/wp-json\/wp\/v2\/users\/2"}],"replies":[{"embeddable":true,"href":"https:\/\/aquasonic-savoie.com\/index.php\/wp-json\/wp\/v2\/comments?post=141"}],"version-history":[{"count":3,"href":"https:\/\/aquasonic-savoie.com\/index.php\/wp-json\/wp\/v2\/pages\/141\/revisions"}],"predecessor-version":[{"id":375,"href":"https:\/\/aquasonic-savoie.com\/index.php\/wp-json\/wp\/v2\/pages\/141\/revisions\/375"}],"wp:attachment":[{"href":"https:\/\/aquasonic-savoie.com\/index.php\/wp-json\/wp\/v2\/media?parent=141"}],"curies":[{"name":"wp","href":"https:\/\/api.w.org\/{rel}","templated":true}]}}